{"id":1388,"date":"2025-11-07T16:18:59","date_gmt":"2025-11-07T15:18:59","guid":{"rendered":"https:\/\/www.archimbaudopticien.com\/blog\/?page_id=1388"},"modified":"2025-11-13T16:57:17","modified_gmt":"2025-11-13T15:57:17","slug":"lunettes","status":"publish","type":"page","link":"https:\/\/www.archimbaudopticien.com\/blog\/acceuil\/lunettes","title":{"rendered":"Lunettes : Actualit\u00e9s &#038; Tendances"},"content":{"rendered":"[vc_row type=\u00a0\u00bbfull_width_content\u00a0\u00bb full_screen_row_position=\u00a0\u00bbmiddle\u00a0\u00bb column_margin=\u00a0\u00bbdefault\u00a0\u00bb column_direction=\u00a0\u00bbdefault\u00a0\u00bb column_direction_tablet=\u00a0\u00bbdefault\u00a0\u00bb column_direction_phone=\u00a0\u00bbdefault\u00a0\u00bb bg_color=\u00a0\u00bb#2B323A00&Prime; bg_image=\u00a0\u00bb1457&Prime; bg_position=\u00a0\u00bbcenter center\u00a0\u00bb background_image_loading=\u00a0\u00bbdefault\u00a0\u00bb bg_repeat=\u00a0\u00bbno-repeat\u00a0\u00bb scene_position=\u00a0\u00bbcenter\u00a0\u00bb top_padding=\u00a0\u00bb12%\u00a0\u00bb bottom_padding=\u00a0\u00bb2%\u00a0\u00bb left_padding_desktop=\u00a0\u00bb8%\u00a0\u00bb constrain_group_2=\u00a0\u00bbyes\u00a0\u00bb right_padding_desktop=\u00a0\u00bb8%\u00a0\u00bb top_margin=\u00a0\u00bb0&Prime; text_color=\u00a0\u00bblight\u00a0\u00bb text_align=\u00a0\u00bbleft\u00a0\u00bb row_border_radius=\u00a0\u00bbnone\u00a0\u00bb row_border_radius_applies=\u00a0\u00bbbg\u00a0\u00bb zindex=\u00a0\u00bb100&Prime; overflow=\u00a0\u00bbhidden\u00a0\u00bb color_overlay=\u00a0\u00bbrgba(0,0,0,0.78)\u00a0\u00bb advanced_gradient_angle=\u00a0\u00bb0&Prime; overlay_strength=\u00a0\u00bb0.3&Prime; gradient_direction=\u00a0\u00bbradial\u00a0\u00bb shape_divider_position=\u00a0\u00bbbottom\u00a0\u00bb bg_image_animation=\u00a0\u00bbfade-in\u00a0\u00bb mobile_disable_bg_image_animation=\u00a0\u00bbtrue\u00a0\u00bb shape_type=\u00a0\u00bb\u00a0\u00bb gradient_type=\u00a0\u00bbdefault\u00a0\u00bb][vc_column column_padding=\u00a0\u00bbno-extra-padding\u00a0\u00bb column_padding_tablet=\u00a0\u00bbinherit\u00a0\u00bb column_padding_phone=\u00a0\u00bbinherit\u00a0\u00bb column_padding_position=\u00a0\u00bbtop-bottom\u00a0\u00bb column_element_direction_desktop=\u00a0\u00bbdefault\u00a0\u00bb column_element_spacing=\u00a0\u00bb0px\u00a0\u00bb desktop_text_alignment=\u00a0\u00bbdefault\u00a0\u00bb tablet_text_alignment=\u00a0\u00bbdefault\u00a0\u00bb phone_text_alignment=\u00a0\u00bbdefault\u00a0\u00bb background_color_opacity=\u00a0\u00bb1&Prime; background_hover_color_opacity=\u00a0\u00bb1&Prime; column_backdrop_filter=\u00a0\u00bbnone\u00a0\u00bb column_shadow=\u00a0\u00bbnone\u00a0\u00bb column_border_radius=\u00a0\u00bbnone\u00a0\u00bb column_link_target=\u00a0\u00bb_self\u00a0\u00bb column_position=\u00a0\u00bbstatic\u00a0\u00bb advanced_gradient_angle=\u00a0\u00bb0&Prime; gradient_direction=\u00a0\u00bbleft_to_right\u00a0\u00bb overlay_strength=\u00a0\u00bb0.3&Prime; width=\u00a0\u00bb1\/1&Prime; tablet_width_inherit=\u00a0\u00bbdefault\u00a0\u00bb animation_type=\u00a0\u00bbdefault\u00a0\u00bb bg_image_animation=\u00a0\u00bbnone\u00a0\u00bb border_type=\u00a0\u00bbsimple\u00a0\u00bb column_border_width=\u00a0\u00bbnone\u00a0\u00bb column_border_style=\u00a0\u00bbsolid\u00a0\u00bb gradient_type=\u00a0\u00bbdefault\u00a0\u00bb column_padding_type=\u00a0\u00bbdefault\u00a0\u00bb][vc_row_inner column_margin=\u00a0\u00bbnone\u00a0\u00bb column_direction=\u00a0\u00bbdefault\u00a0\u00bb column_direction_tablet=\u00a0\u00bbdefault\u00a0\u00bb column_direction_phone=\u00a0\u00bbdefault\u00a0\u00bb left_padding_desktop=\u00a0\u00bb10%\u00a0\u00bb constrain_group_2=\u00a0\u00bbyes\u00a0\u00bb right_padding_desktop=\u00a0\u00bb10%\u00a0\u00bb text_align=\u00a0\u00bbleft\u00a0\u00bb row_position=\u00a0\u00bbdefault\u00a0\u00bb row_position_tablet=\u00a0\u00bbinherit\u00a0\u00bb row_position_phone=\u00a0\u00bbinherit\u00a0\u00bb zindex=\u00a0\u00bb10&Prime; overflow=\u00a0\u00bbvisible\u00a0\u00bb pointer_events=\u00a0\u00bball\u00a0\u00bb][vc_column_inner column_padding=\u00a0\u00bbno-extra-padding\u00a0\u00bb column_padding_tablet=\u00a0\u00bbinherit\u00a0\u00bb column_padding_phone=\u00a0\u00bbinherit\u00a0\u00bb column_padding_position=\u00a0\u00bbbottom\u00a0\u00bb column_element_direction_desktop=\u00a0\u00bbdefault\u00a0\u00bb column_element_spacing=\u00a0\u00bbdefault\u00a0\u00bb centered_text=\u00a0\u00bbtrue\u00a0\u00bb desktop_text_alignment=\u00a0\u00bbdefault\u00a0\u00bb tablet_text_alignment=\u00a0\u00bbdefault\u00a0\u00bb phone_text_alignment=\u00a0\u00bbdefault\u00a0\u00bb background_color_opacity=\u00a0\u00bb1&Prime; background_hover_color_opacity=\u00a0\u00bb1&Prime; column_backdrop_filter=\u00a0\u00bbnone\u00a0\u00bb column_shadow=\u00a0\u00bbnone\u00a0\u00bb column_border_radius=\u00a0\u00bbnone\u00a0\u00bb column_link_target=\u00a0\u00bb_self\u00a0\u00bb overflow=\u00a0\u00bbvisible\u00a0\u00bb advanced_gradient_angle=\u00a0\u00bb0&Prime; gradient_direction=\u00a0\u00bbleft_to_right\u00a0\u00bb overlay_strength=\u00a0\u00bb0.3&Prime; width=\u00a0\u00bb1\/1&Prime; tablet_width_inherit=\u00a0\u00bbdefault\u00a0\u00bb animation_type=\u00a0\u00bbdefault\u00a0\u00bb bg_image_animation=\u00a0\u00bbnone\u00a0\u00bb border_type=\u00a0\u00bbsimple\u00a0\u00bb column_border_width=\u00a0\u00bbnone\u00a0\u00bb column_border_style=\u00a0\u00bbsolid\u00a0\u00bb gradient_type=\u00a0\u00bbdefault\u00a0\u00bb column_padding_type=\u00a0\u00bbdefault\u00a0\u00bb][split_line_heading animation_type=\u00a0\u00bbline-reveal-by-space\u00a0\u00bb font_style=\u00a0\u00bbh1&Prime; text_color=\u00a0\u00bb#FFFFFF\u00a0\u00bb line_reveal_by_space_text_effect=\u00a0\u00bbletter-reveal-bottom\u00a0\u00bb content_alignment=\u00a0\u00bbcenter\u00a0\u00bb mobile_content_alignment=\u00a0\u00bbcenter\u00a0\u00bb link_target=\u00a0\u00bb_self\u00a0\u00bb text_content=\u00a0\u00bbLunettes : Actualit\u00e9s &amp; Tendances\u00a0\u00bb font_size=\u00a0\u00bb6vw\u00a0\u00bb font_line_height=\u00a0\u00bb1,2&Prime; font_size_tablet=\u00a0\u00bb10vw\u00a0\u00bb text_direction=\u00a0\u00bbdefault\u00a0\u00bb][\/split_line_heading][nectar_cta btn_style=\u00a0\u00bbnext-section\u00a0\u00bb btn_type=\u00a0\u00bbminimal-arrow\u00a0\u00bb next_section_color=\u00a0\u00bb#FFFFFF\u00a0\u00bb alignment=\u00a0\u00bbcenter\u00a0\u00bb alignment_tablet=\u00a0\u00bbdefault\u00a0\u00bb alignment_phone=\u00a0\u00bbcenter\u00a0\u00bb display_tablet=\u00a0\u00bbinherit\u00a0\u00bb display_phone=\u00a0\u00bbinherit\u00a0\u00bb][\/vc_column_inner][\/vc_row_inner][\/vc_column][\/vc_row][vc_row type=\u00a0\u00bbfull_width_background\u00a0\u00bb full_screen_row_position=\u00a0\u00bbmiddle\u00a0\u00bb column_margin=\u00a0\u00bbdefault\u00a0\u00bb column_direction=\u00a0\u00bbdefault\u00a0\u00bb column_direction_tablet=\u00a0\u00bbdefault\u00a0\u00bb column_direction_phone=\u00a0\u00bbdefault\u00a0\u00bb scene_position=\u00a0\u00bbcenter\u00a0\u00bb top_padding=\u00a0\u00bb6%\u00a0\u00bb bottom_padding=\u00a0\u00bb6%\u00a0\u00bb text_color=\u00a0\u00bbdark\u00a0\u00bb text_align=\u00a0\u00bbleft\u00a0\u00bb row_border_radius=\u00a0\u00bbnone\u00a0\u00bb row_border_radius_applies=\u00a0\u00bbbg\u00a0\u00bb overflow=\u00a0\u00bbvisible\u00a0\u00bb overlay_strength=\u00a0\u00bb0.3&Prime; gradient_direction=\u00a0\u00bbleft_to_right\u00a0\u00bb shape_divider_position=\u00a0\u00bbbottom\u00a0\u00bb bg_image_animation=\u00a0\u00bbnone\u00a0\u00bb shape_type=\u00a0\u00bb\u00a0\u00bb][vc_column column_padding=\u00a0\u00bbno-extra-padding\u00a0\u00bb column_padding_tablet=\u00a0\u00bbinherit\u00a0\u00bb column_padding_phone=\u00a0\u00bbinherit\u00a0\u00bb column_padding_position=\u00a0\u00bball\u00a0\u00bb column_element_direction_desktop=\u00a0\u00bbdefault\u00a0\u00bb column_element_spacing=\u00a0\u00bbdefault\u00a0\u00bb desktop_text_alignment=\u00a0\u00bbdefault\u00a0\u00bb tablet_text_alignment=\u00a0\u00bbdefault\u00a0\u00bb phone_text_alignment=\u00a0\u00bbdefault\u00a0\u00bb background_color_opacity=\u00a0\u00bb1&Prime; background_hover_color_opacity=\u00a0\u00bb1&Prime; column_backdrop_filter=\u00a0\u00bbnone\u00a0\u00bb column_shadow=\u00a0\u00bbnone\u00a0\u00bb column_border_radius=\u00a0\u00bbnone\u00a0\u00bb column_link_target=\u00a0\u00bb_self\u00a0\u00bb column_position=\u00a0\u00bbdefault\u00a0\u00bb gradient_direction=\u00a0\u00bbleft_to_right\u00a0\u00bb overlay_strength=\u00a0\u00bb0.3&Prime; width=\u00a0\u00bb1\/1&Prime; tablet_width_inherit=\u00a0\u00bbdefault\u00a0\u00bb animation_type=\u00a0\u00bbdefault\u00a0\u00bb bg_image_animation=\u00a0\u00bbnone\u00a0\u00bb border_type=\u00a0\u00bbsimple\u00a0\u00bb column_border_width=\u00a0\u00bbnone\u00a0\u00bb column_border_style=\u00a0\u00bbsolid\u00a0\u00bb][split_line_heading animation_type=\u00a0\u00bbline-reveal-by-space\u00a0\u00bb font_style=\u00a0\u00bbh2&Prime; text_color=\u00a0\u00bb#333333&Prime; line_reveal_by_space_text_effect=\u00a0\u00bbnone\u00a0\u00bb content_alignment=\u00a0\u00bbdefault\u00a0\u00bb mobile_content_alignment=\u00a0\u00bbinherit\u00a0\u00bb link_target=\u00a0\u00bb_self\u00a0\u00bb text_content=\u00a0\u00bbToutes les tendances et nouveaut\u00e9s lunetterie avec Archimbaud Opticien\u00a0\u00bb text_direction=\u00a0\u00bbdefault\u00a0\u00bb][\/split_line_heading][divider line_type=\u00a0\u00bbNo Line\u00a0\u00bb custom_height=\u00a0\u00bb50px\u00a0\u00bb][nectar_blog layout=\u00a0\u00bbmasonry-blog-fullwidth\u00a0\u00bb blog_masonry_style=\u00a0\u00bbmaterial\u00a0\u00bb load_in_animation=\u00a0\u00bbfade_in_from_bottom\u00a0\u00bb category=\u00a0\u00bblunettes\u00a0\u00bb enable_pagination=\u00a0\u00bbtrue\u00a0\u00bb pagination_type=\u00a0\u00bbdefault\u00a0\u00bb order=\u00a0\u00bbDESC\u00a0\u00bb orderby=\u00a0\u00bbdate\u00a0\u00bb blog_remove_post_date=\u00a0\u00bbtrue\u00a0\u00bb blog_remove_post_author=\u00a0\u00bbtrue\u00a0\u00bb posts_per_page=\u00a0\u00bb20&Prime;][divider line_type=\u00a0\u00bbNo Line\u00a0\u00bb custom_height=\u00a0\u00bb100px\u00a0\u00bb][vc_column_text css=\u00a0\u00bb\u00a0\u00bb text_direction=\u00a0\u00bbdefault\u00a0\u00bb]Les lunettes sont bien plus qu\u2019un simple dispositif de correction : elles traduisent notre personnalit\u00e9, accompagnent notre quotidien et incarnent une part essentielle de notre style. Chez Archimbaud Opticien, \u00e0 Marseille et Salon-de-Provence, la lunette est pens\u00e9e comme un v\u00e9ritable objet d\u2019expression et de pr\u00e9cision. Cette cat\u00e9gorie du blog met en lumi\u00e8re les tendances actuelles, les savoir-faire artisanaux et les avanc\u00e9es technologiques qui redessinent le monde de la lunetterie. Des montures de cr\u00e9ateurs aux collections des grandes maisons de couture, d\u00e9couvrez comment esth\u00e9tique, innovation et confort visuel s\u2019unissent pour offrir une exp\u00e9rience unique \u00e0 chaque porteur.<\/p>\n<h4><strong>Les lunettes de vue : entre confort optique et \u00e9l\u00e9gance fonctionnelle<\/strong><\/h4>\n<p>Les lunettes de vue modernes incarnent l\u2019alliance parfaite entre correction personnalis\u00e9e et design contemporain. Les innovations dans les mat\u00e9riaux \u2013 ac\u00e9tate biosourc\u00e9, titane ultra-l\u00e9ger ou acier inoxydable \u2013 garantissent des montures \u00e0 la fois durables, souples et confortables. Les fabricants investissent dans la recherche pour proposer des charni\u00e8res flexibles, des ajustements pr\u00e9cis et des silhouettes adapt\u00e9es \u00e0 toutes les morphologies. Chez Archimbaud Opticien, chaque monture est choisie avec exigence afin d\u2019assurer un \u00e9quilibre entre pr\u00e9cision optique et harmonie esth\u00e9tique. Nous partageons \u00e0 travers cette rubrique l\u2019actualit\u00e9 des collections, les \u00e9volutions du design optique et les conseils pour choisir des lunettes adapt\u00e9es \u00e0 votre usage, \u00e0 votre visage et \u00e0 votre mode de vie.<\/p>\n<h4><strong>Les lunettes de soleil : la fusion entre protection et expression<\/strong><\/h4>\n<p>Au-del\u00e0 du style, les lunettes de soleil remplissent une mission essentielle : prot\u00e9ger les yeux contre les rayons UV et les agressions lumineuses. Les verres solaires de derni\u00e8re g\u00e9n\u00e9ration \u2013 polarisants, photochromiques ou min\u00e9raux \u2013 offrent une clart\u00e9 exceptionnelle et un confort visuel optimal. Mais les lunettes solaires sont aussi devenues un terrain d\u2019expression pour les cr\u00e9ateurs, o\u00f9 la couleur, la forme et la mati\u00e8re racontent une histoire. Chez Archimbaud Opticien, nous explorons \u00e0 travers cette cat\u00e9gorie les tendances internationales, les collaborations artistiques et les innovations optiques qui font de la lunette solaire un accessoire de mode incontournable, aussi technique qu\u2019esth\u00e9tique.<\/p>\n<h4><strong>Innovation, savoir-faire et durabilit\u00e9 dans la lunetterie contemporaine<\/strong><\/h4>\n<p>La lunetterie du XXI\u1d49 si\u00e8cle \u00e9volue vers un \u00e9quilibre entre technologie et responsabilit\u00e9. L\u2019\u00e9mergence de mat\u00e9riaux recycl\u00e9s, l\u2019essor de l\u2019impression 3D, la personnalisation sur mesure et les circuits de production \u00e9co-conscients transforment l\u2019industrie. Les artisans lunetiers fran\u00e7ais et europ\u00e9ens redonnent du sens \u00e0 la fabrication locale, en privil\u00e9giant la qualit\u00e9, la pr\u00e9cision et la durabilit\u00e9. Archimbaud Opticien accompagne ce mouvement en valorisant les marques qui associent innovation et engagement environnemental. \u00c0 travers cette cat\u00e9gorie, nous vous invitons \u00e0 d\u00e9couvrir une nouvelle vision de la lunette : celle d\u2019un objet intelligent, durable et profond\u00e9ment humain, con\u00e7u pour embellir le regard tout en respectant la plan\u00e8te.<\/p>\n<p>Parce qu\u2019une paire de lunettes raconte toujours une histoire, Archimbaud Opticien vous aide \u00e0 en \u00e9crire une \u00e0 votre image. Dans nos boutiques de Marseille et de Salon-de-Provence, comme sur ce blog, nous c\u00e9l\u00e9brons la passion de la lunetterie sous toutes ses formes : cr\u00e9ative, technique et inspir\u00e9e.[\/vc_column_text][\/vc_column][\/vc_row]\n","protected":false},"excerpt":{"rendered":"<p>[vc_row type=\u00a0\u00bbfull_width_content\u00a0\u00bb full_screen_row_position=\u00a0\u00bbmiddle\u00a0\u00bb column_margin=\u00a0\u00bbdefault\u00a0\u00bb column_direction=\u00a0\u00bbdefault\u00a0\u00bb column_direction_tablet=\u00a0\u00bbdefault\u00a0\u00bb column_direction_phone=\u00a0\u00bbdefault\u00a0\u00bb bg_color=\u00a0\u00bb#2B323A00&Prime; bg_image=\u00a0\u00bb1457&Prime; bg_position=\u00a0\u00bbcenter center\u00a0\u00bb background_image_loading=\u00a0\u00bbdefault\u00a0\u00bb bg_repeat=\u00a0\u00bbno-repeat\u00a0\u00bb scene_position=\u00a0\u00bbcenter\u00a0\u00bb top_padding=\u00a0\u00bb12%\u00a0\u00bb bottom_padding=\u00a0\u00bb2%\u00a0\u00bb left_padding_desktop=\u00a0\u00bb8%\u00a0\u00bb constrain_group_2=\u00a0\u00bbyes\u00a0\u00bb right_padding_desktop=\u00a0\u00bb8%\u00a0\u00bb top_margin=\u00a0\u00bb0&Prime; text_color=\u00a0\u00bblight\u00a0\u00bb text_align=\u00a0\u00bbleft\u00a0\u00bb row_border_radius=\u00a0\u00bbnone\u00a0\u00bb row_border_radius_applies=\u00a0\u00bbbg\u00a0\u00bb zindex=\u00a0\u00bb100&Prime; overflow=\u00a0\u00bbhidden\u00a0\u00bb color_overlay=\u00a0\u00bbrgba(0,0,0,0.78)\u00a0\u00bb advanced_gradient_angle=\u00a0\u00bb0&Prime; overlay_strength=\u00a0\u00bb0.3&Prime; gradient_direction=\u00a0\u00bbradial\u00a0\u00bb&#8230;<\/p>\n","protected":false},"author":4,"featured_media":1389,"parent":2,"menu_order":0,"comment_status":"closed","ping_status":"closed","template":"","meta":{"footnotes":""},"class_list":["post-1388","page","type-page","status-publish","has-post-thumbnail"],"yoast_head":"<!-- This site is optimized with the Yoast SEO plugin v27.0 - https:\/\/yoast.com\/product\/yoast-seo-wordpress\/ -->\n<title>Lunettes : Actualit\u00e9s &amp; Tendances | Archimbaud Opticien Blog<\/title>\n<meta name=\"description\" content=\"D\u00e9couvrez toute l\u2019actualit\u00e9 des lunettes de vue et de soleil : cr\u00e9ateurs, tendances et innovations avec Archimbaud Opticien \u00e0 Marseille &amp; Salon.\" \/>\n<meta name=\"robots\" content=\"index, follow, max-snippet:-1, max-image-preview:large, max-video-preview:-1\" \/>\n<link rel=\"canonical\" href=\"https:\/\/www.archimbaudopticien.com\/blog\/acceuil\/lunettes\" \/>\n<meta property=\"og:locale\" content=\"fr_FR\" \/>\n<meta property=\"og:type\" content=\"article\" \/>\n<meta property=\"og:title\" content=\"Lunettes : Actualit\u00e9s &amp; Tendances | Archimbaud Opticien Blog\" \/>\n<meta property=\"og:description\" content=\"D\u00e9couvrez toute l\u2019actualit\u00e9 des lunettes de vue et de soleil : cr\u00e9ateurs, tendances et innovations avec Archimbaud Opticien \u00e0 Marseille &amp; Salon.\" \/>\n<meta property=\"og:url\" content=\"https:\/\/www.archimbaudopticien.com\/blog\/acceuil\/lunettes\" \/>\n<meta property=\"og:site_name\" content=\"Archimbaud Opticien Blog\" \/>\n<meta property=\"article:publisher\" content=\"https:\/\/www.facebook.com\/archimbaudopticien\" \/>\n<meta property=\"article:modified_time\" content=\"2025-11-13T15:57:17+00:00\" \/>\n<meta property=\"og:image\" content=\"https:\/\/www.archimbaudopticien.com\/blog\/wp-content\/uploads\/2025\/11\/Lunettes-Actualites-Tendances-archimbaud-opticien.jpg\" \/>\n\t<meta property=\"og:image:width\" content=\"1800\" \/>\n\t<meta property=\"og:image:height\" content=\"1018\" \/>\n\t<meta property=\"og:image:type\" content=\"image\/jpeg\" \/>\n<meta name=\"twitter:card\" content=\"summary_large_image\" \/>\n<meta name=\"twitter:label1\" content=\"Dur\u00e9e de lecture estim\u00e9e\" \/>\n\t<meta name=\"twitter:data1\" content=\"3 minutes\" \/>\n<script type=\"application\/ld+json\" class=\"yoast-schema-graph\">{\"@context\":\"https:\/\/schema.org\",\"@graph\":[{\"@type\":\"WebPage\",\"@id\":\"https:\/\/www.archimbaudopticien.com\/blog\/acceuil\/lunettes\",\"url\":\"https:\/\/www.archimbaudopticien.com\/blog\/acceuil\/lunettes\",\"name\":\"Lunettes : Actualit\u00e9s & Tendances | Archimbaud Opticien Blog\",\"isPartOf\":{\"@id\":\"https:\/\/www.archimbaudopticien.com\/blog\/#website\"},\"primaryImageOfPage\":{\"@id\":\"https:\/\/www.archimbaudopticien.com\/blog\/acceuil\/lunettes#primaryimage\"},\"image\":{\"@id\":\"https:\/\/www.archimbaudopticien.com\/blog\/acceuil\/lunettes#primaryimage\"},\"thumbnailUrl\":\"https:\/\/www.archimbaudopticien.com\/blog\/wp-content\/uploads\/2025\/11\/Lunettes-Actualites-Tendances-archimbaud-opticien.jpg\",\"datePublished\":\"2025-11-07T15:18:59+00:00\",\"dateModified\":\"2025-11-13T15:57:17+00:00\",\"description\":\"D\u00e9couvrez toute l\u2019actualit\u00e9 des lunettes de vue et de soleil : cr\u00e9ateurs, tendances et innovations avec Archimbaud Opticien \u00e0 Marseille & Salon.\",\"breadcrumb\":{\"@id\":\"https:\/\/www.archimbaudopticien.com\/blog\/acceuil\/lunettes#breadcrumb\"},\"inLanguage\":\"fr-FR\",\"potentialAction\":[{\"@type\":\"ReadAction\",\"target\":[\"https:\/\/www.archimbaudopticien.com\/blog\/acceuil\/lunettes\"]}]},{\"@type\":\"ImageObject\",\"inLanguage\":\"fr-FR\",\"@id\":\"https:\/\/www.archimbaudopticien.com\/blog\/acceuil\/lunettes#primaryimage\",\"url\":\"https:\/\/www.archimbaudopticien.com\/blog\/wp-content\/uploads\/2025\/11\/Lunettes-Actualites-Tendances-archimbaud-opticien.jpg\",\"contentUrl\":\"https:\/\/www.archimbaudopticien.com\/blog\/wp-content\/uploads\/2025\/11\/Lunettes-Actualites-Tendances-archimbaud-opticien.jpg\",\"width\":1800,\"height\":1018},{\"@type\":\"BreadcrumbList\",\"@id\":\"https:\/\/www.archimbaudopticien.com\/blog\/acceuil\/lunettes#breadcrumb\",\"itemListElement\":[{\"@type\":\"ListItem\",\"position\":1,\"name\":\"Accueil\",\"item\":\"https:\/\/www.archimbaudopticien.com\/blog\/\"},{\"@type\":\"ListItem\",\"position\":2,\"name\":\"Accueil\",\"item\":\"https:\/\/www.archimbaudopticien.com\/blog\/\"},{\"@type\":\"ListItem\",\"position\":3,\"name\":\"Lunettes : Actualit\u00e9s &#038; Tendances\"}]},{\"@type\":\"WebSite\",\"@id\":\"https:\/\/www.archimbaudopticien.com\/blog\/#website\",\"url\":\"https:\/\/www.archimbaudopticien.com\/blog\/\",\"name\":\"Archimbaud Opticien\",\"description\":\"\",\"publisher\":{\"@id\":\"https:\/\/www.archimbaudopticien.com\/blog\/#organization\"},\"potentialAction\":[{\"@type\":\"SearchAction\",\"target\":{\"@type\":\"EntryPoint\",\"urlTemplate\":\"https:\/\/www.archimbaudopticien.com\/blog\/?s={search_term_string}\"},\"query-input\":{\"@type\":\"PropertyValueSpecification\",\"valueRequired\":true,\"valueName\":\"search_term_string\"}}],\"inLanguage\":\"fr-FR\"},{\"@type\":\"Organization\",\"@id\":\"https:\/\/www.archimbaudopticien.com\/blog\/#organization\",\"name\":\"Blog d'Archimbaud Opticien\",\"url\":\"https:\/\/www.archimbaudopticien.com\/blog\/\",\"logo\":{\"@type\":\"ImageObject\",\"inLanguage\":\"fr-FR\",\"@id\":\"https:\/\/www.archimbaudopticien.com\/blog\/#\/schema\/logo\/image\/\",\"url\":\"https:\/\/www.archimbaudopticien.com\/blog\/wp-content\/uploads\/2025\/09\/Logo-Noir-transparent-scaled.png\",\"contentUrl\":\"https:\/\/www.archimbaudopticien.com\/blog\/wp-content\/uploads\/2025\/09\/Logo-Noir-transparent-scaled.png\",\"width\":2560,\"height\":1979,\"caption\":\"Blog d'Archimbaud Opticien\"},\"image\":{\"@id\":\"https:\/\/www.archimbaudopticien.com\/blog\/#\/schema\/logo\/image\/\"},\"sameAs\":[\"https:\/\/www.facebook.com\/archimbaudopticien\",\"https:\/\/www.instagram.com\/archimbaudopticien\/\"]}]}<\/script>\n<!-- \/ Yoast SEO plugin. -->","yoast_head_json":{"title":"Lunettes : Actualit\u00e9s & Tendances | Archimbaud Opticien Blog","description":"D\u00e9couvrez toute l\u2019actualit\u00e9 des lunettes de vue et de soleil : cr\u00e9ateurs, tendances et innovations avec Archimbaud Opticien \u00e0 Marseille & Salon.","robots":{"index":"index","follow":"follow","max-snippet":"max-snippet:-1","max-image-preview":"max-image-preview:large","max-video-preview":"max-video-preview:-1"},"canonical":"https:\/\/www.archimbaudopticien.com\/blog\/acceuil\/lunettes","og_locale":"fr_FR","og_type":"article","og_title":"Lunettes : Actualit\u00e9s & Tendances | Archimbaud Opticien Blog","og_description":"D\u00e9couvrez toute l\u2019actualit\u00e9 des lunettes de vue et de soleil : cr\u00e9ateurs, tendances et innovations avec Archimbaud Opticien \u00e0 Marseille & Salon.","og_url":"https:\/\/www.archimbaudopticien.com\/blog\/acceuil\/lunettes","og_site_name":"Archimbaud Opticien Blog","article_publisher":"https:\/\/www.facebook.com\/archimbaudopticien","article_modified_time":"2025-11-13T15:57:17+00:00","og_image":[{"width":1800,"height":1018,"url":"https:\/\/www.archimbaudopticien.com\/blog\/wp-content\/uploads\/2025\/11\/Lunettes-Actualites-Tendances-archimbaud-opticien.jpg","type":"image\/jpeg"}],"twitter_card":"summary_large_image","twitter_misc":{"Dur\u00e9e de lecture estim\u00e9e":"3 minutes"},"schema":{"@context":"https:\/\/schema.org","@graph":[{"@type":"WebPage","@id":"https:\/\/www.archimbaudopticien.com\/blog\/acceuil\/lunettes","url":"https:\/\/www.archimbaudopticien.com\/blog\/acceuil\/lunettes","name":"Lunettes : Actualit\u00e9s & Tendances | Archimbaud Opticien Blog","isPartOf":{"@id":"https:\/\/www.archimbaudopticien.com\/blog\/#website"},"primaryImageOfPage":{"@id":"https:\/\/www.archimbaudopticien.com\/blog\/acceuil\/lunettes#primaryimage"},"image":{"@id":"https:\/\/www.archimbaudopticien.com\/blog\/acceuil\/lunettes#primaryimage"},"thumbnailUrl":"https:\/\/www.archimbaudopticien.com\/blog\/wp-content\/uploads\/2025\/11\/Lunettes-Actualites-Tendances-archimbaud-opticien.jpg","datePublished":"2025-11-07T15:18:59+00:00","dateModified":"2025-11-13T15:57:17+00:00","description":"D\u00e9couvrez toute l\u2019actualit\u00e9 des lunettes de vue et de soleil : cr\u00e9ateurs, tendances et innovations avec Archimbaud Opticien \u00e0 Marseille & Salon.","breadcrumb":{"@id":"https:\/\/www.archimbaudopticien.com\/blog\/acceuil\/lunettes#breadcrumb"},"inLanguage":"fr-FR","potentialAction":[{"@type":"ReadAction","target":["https:\/\/www.archimbaudopticien.com\/blog\/acceuil\/lunettes"]}]},{"@type":"ImageObject","inLanguage":"fr-FR","@id":"https:\/\/www.archimbaudopticien.com\/blog\/acceuil\/lunettes#primaryimage","url":"https:\/\/www.archimbaudopticien.com\/blog\/wp-content\/uploads\/2025\/11\/Lunettes-Actualites-Tendances-archimbaud-opticien.jpg","contentUrl":"https:\/\/www.archimbaudopticien.com\/blog\/wp-content\/uploads\/2025\/11\/Lunettes-Actualites-Tendances-archimbaud-opticien.jpg","width":1800,"height":1018},{"@type":"BreadcrumbList","@id":"https:\/\/www.archimbaudopticien.com\/blog\/acceuil\/lunettes#breadcrumb","itemListElement":[{"@type":"ListItem","position":1,"name":"Accueil","item":"https:\/\/www.archimbaudopticien.com\/blog\/"},{"@type":"ListItem","position":2,"name":"Accueil","item":"https:\/\/www.archimbaudopticien.com\/blog\/"},{"@type":"ListItem","position":3,"name":"Lunettes : Actualit\u00e9s &#038; Tendances"}]},{"@type":"WebSite","@id":"https:\/\/www.archimbaudopticien.com\/blog\/#website","url":"https:\/\/www.archimbaudopticien.com\/blog\/","name":"Archimbaud Opticien","description":"","publisher":{"@id":"https:\/\/www.archimbaudopticien.com\/blog\/#organization"},"potentialAction":[{"@type":"SearchAction","target":{"@type":"EntryPoint","urlTemplate":"https:\/\/www.archimbaudopticien.com\/blog\/?s={search_term_string}"},"query-input":{"@type":"PropertyValueSpecification","valueRequired":true,"valueName":"search_term_string"}}],"inLanguage":"fr-FR"},{"@type":"Organization","@id":"https:\/\/www.archimbaudopticien.com\/blog\/#organization","name":"Blog d'Archimbaud Opticien","url":"https:\/\/www.archimbaudopticien.com\/blog\/","logo":{"@type":"ImageObject","inLanguage":"fr-FR","@id":"https:\/\/www.archimbaudopticien.com\/blog\/#\/schema\/logo\/image\/","url":"https:\/\/www.archimbaudopticien.com\/blog\/wp-content\/uploads\/2025\/09\/Logo-Noir-transparent-scaled.png","contentUrl":"https:\/\/www.archimbaudopticien.com\/blog\/wp-content\/uploads\/2025\/09\/Logo-Noir-transparent-scaled.png","width":2560,"height":1979,"caption":"Blog d'Archimbaud Opticien"},"image":{"@id":"https:\/\/www.archimbaudopticien.com\/blog\/#\/schema\/logo\/image\/"},"sameAs":["https:\/\/www.facebook.com\/archimbaudopticien","https:\/\/www.instagram.com\/archimbaudopticien\/"]}]}},"_links":{"self":[{"href":"https:\/\/www.archimbaudopticien.com\/blog\/wp-json\/wp\/v2\/pages\/1388","targetHints":{"allow":["GET"]}}],"collection":[{"href":"https:\/\/www.archimbaudopticien.com\/blog\/wp-json\/wp\/v2\/pages"}],"about":[{"href":"https:\/\/www.archimbaudopticien.com\/blog\/wp-json\/wp\/v2\/types\/page"}],"author":[{"embeddable":true,"href":"https:\/\/www.archimbaudopticien.com\/blog\/wp-json\/wp\/v2\/users\/4"}],"replies":[{"embeddable":true,"href":"https:\/\/www.archimbaudopticien.com\/blog\/wp-json\/wp\/v2\/comments?post=1388"}],"version-history":[{"count":6,"href":"https:\/\/www.archimbaudopticien.com\/blog\/wp-json\/wp\/v2\/pages\/1388\/revisions"}],"predecessor-version":[{"id":1458,"href":"https:\/\/www.archimbaudopticien.com\/blog\/wp-json\/wp\/v2\/pages\/1388\/revisions\/1458"}],"up":[{"embeddable":true,"href":"https:\/\/www.archimbaudopticien.com\/blog\/wp-json\/wp\/v2\/pages\/2"}],"wp:featuredmedia":[{"embeddable":true,"href":"https:\/\/www.archimbaudopticien.com\/blog\/wp-json\/wp\/v2\/media\/1389"}],"wp:attachment":[{"href":"https:\/\/www.archimbaudopticien.com\/blog\/wp-json\/wp\/v2\/media?parent=1388"}],"curies":[{"name":"wp","href":"https:\/\/api.w.org\/{rel}","templated":true}]}}